{"id":13880,"date":"2017-08-17T15:22:49","date_gmt":"2017-08-17T14:22:49","guid":{"rendered":"http:\/\/bologne.dev.caractere-web.be\/produit\/accessoires-barreaudage-fixation-embout-de-lisse-plastique\/"},"modified":"2025-02-05T08:39:07","modified_gmt":"2025-02-05T07:39:07","slug":"accessoires-barreaudage-fixation-embout-de-lisse-plastique","status":"publish","type":"product","link":"https:\/\/bologne.be\/nl\/produit\/accessoires-barreaudage-fixation-embout-de-lisse-plastique\/","title":{"rendered":"Accessoires barreaudage classique : fixation par embout de lisse plastique"},"content":{"rendered":"<p>Accessoires pour panneaux et poteaux type GARDIA \/ TRAVERSA \/ RONDO \/ JUMILA et\/ou LANCIO.<\/p>\n<ul>\n<li>Embout de lisse 50\/30\/25 en mati\u00e8re synth\u00e9tique noir<\/li>\n<li>Boulons \u00e0 six pans creux M8x100 + \u00e9crou M8 inox<\/li>\n<li>Boulons \u00e0 six pans creux M8x60 + \u00e9crou M8 inox<\/li>\n<li>Embout de lisse en mati\u00e8re synth\u00e9tique, tige avec ressort<\/li>\n<li>Accessoire pour angle variable gauche\/droite<\/li>\n<li>Platine 55x60mm inox<\/li>\n<li>Platine 55x60mm ral standard<\/li>\n<\/ul>\n<p>&nbsp;<\/p>\n","protected":false},"excerpt":{"rendered":"<p>Accessoires pour panneaux et poteaux type GARDIA \/ TRAVERSA \/ RONDO \/ JUMILA et\/ou LANCIO. Embout de lisse 50\/30\/25 en mati\u00e8re synth\u00e9tique noir Boulons \u00e0 six pans creux M8x100 + \u00e9crou M8 inox Boulons \u00e0 six pans creux M8x60 + \u00e9crou M8 inox Embout de lisse en mati\u00e8re synth\u00e9tique, tige avec ressort Accessoire pour angle [&hellip;]<\/p>\n","protected":false},"featured_media":28369,"template":"","meta":{"_acf_changed":false},"product_brand":[],"product_cat":[200,210,201,130,131],"product_tag":[],"class_list":{"0":"post-13880","1":"product","2":"type-product","3":"status-publish","4":"has-post-thumbnail","6":"product_cat-a-barreaux-nl","7":"product_cat-categorie-c3-nl","8":"product_cat-clotures-nl","9":"product_cat-clotures-a-barreaux-nl","10":"product_cat-elements-de-cloture-kopal-nl","12":"first","13":"instock","14":"taxable","15":"shipping-taxable","16":"purchasable","17":"product-type-variable"},"acf":[],"yoast_head":"<!-- This site is optimized with the Yoast SEO plugin v27.4 - https:\/\/yoast.com\/product\/yoast-seo-wordpress\/ -->\n<title>Accessoires barreaudage classique : fixation par embout de lisse plastique - Bologne<\/title>\n<meta name=\"robots\" content=\"index, follow, max-snippet:-1, max-image-preview:large, max-video-preview:-1\" \/>\n<link rel=\"canonical\" href=\"https:\/\/bologne.be\/nl\/produit\/accessoires-barreaudage-fixation-embout-de-lisse-plastique\/\" \/>\n<meta property=\"og:locale\" content=\"nl_NL\" \/>\n<meta property=\"og:type\" content=\"article\" \/>\n<meta property=\"og:title\" content=\"Accessoires barreaudage classique : fixation par embout de lisse plastique - Bologne\" \/>\n<meta property=\"og:description\" content=\"Accessoires pour panneaux et poteaux type GARDIA \/ TRAVERSA \/ RONDO \/ JUMILA et\/ou LANCIO. Embout de lisse 50\/30\/25 en mati\u00e8re synth\u00e9tique noir Boulons \u00e0 six pans creux M8x100 + \u00e9crou M8 inox Boulons \u00e0 six pans creux M8x60 + \u00e9crou M8 inox Embout de lisse en mati\u00e8re synth\u00e9tique, tige avec ressort Accessoire pour angle [&hellip;]\" \/>\n<meta property=\"og:url\" content=\"https:\/\/bologne.be\/nl\/produit\/accessoires-barreaudage-fixation-embout-de-lisse-plastique\/\" \/>\n<meta property=\"og:site_name\" content=\"Bologne\" \/>\n<meta property=\"article:publisher\" content=\"https:\/\/www.facebook.com\/SABologne-212540775431433\/?fref=ts\" \/>\n<meta property=\"article:modified_time\" content=\"2025-02-05T07:39:07+00:00\" \/>\n<meta property=\"og:image\" content=\"https:\/\/bologne.be\/wp-content\/uploads\/2017\/08\/Capture-decran-2025-02-05-083310.png\" \/>\n\t<meta property=\"og:image:width\" content=\"662\" \/>\n\t<meta property=\"og:image:height\" content=\"397\" \/>\n\t<meta property=\"og:image:type\" content=\"image\/png\" \/>\n<meta name=\"twitter:card\" content=\"summary_large_image\" \/>\n<script type=\"application\/ld+json\" class=\"yoast-schema-graph\">{\"@context\":\"https:\\\/\\\/schema.org\",\"@graph\":[{\"@type\":\"WebPage\",\"@id\":\"https:\\\/\\\/bologne.be\\\/nl\\\/produit\\\/accessoires-barreaudage-fixation-embout-de-lisse-plastique\\\/\",\"url\":\"https:\\\/\\\/bologne.be\\\/nl\\\/produit\\\/accessoires-barreaudage-fixation-embout-de-lisse-plastique\\\/\",\"name\":\"Accessoires barreaudage classique : fixation par embout de lisse plastique - Bologne\",\"isPartOf\":{\"@id\":\"https:\\\/\\\/bologne.be\\\/nl\\\/#website\"},\"primaryImageOfPage\":{\"@id\":\"https:\\\/\\\/bologne.be\\\/nl\\\/produit\\\/accessoires-barreaudage-fixation-embout-de-lisse-plastique\\\/#primaryimage\"},\"image\":{\"@id\":\"https:\\\/\\\/bologne.be\\\/nl\\\/produit\\\/accessoires-barreaudage-fixation-embout-de-lisse-plastique\\\/#primaryimage\"},\"thumbnailUrl\":\"https:\\\/\\\/bologne.be\\\/wp-content\\\/uploads\\\/2017\\\/08\\\/Capture-decran-2025-02-05-083310.png\",\"datePublished\":\"2017-08-17T14:22:49+00:00\",\"dateModified\":\"2025-02-05T07:39:07+00:00\",\"breadcrumb\":{\"@id\":\"https:\\\/\\\/bologne.be\\\/nl\\\/produit\\\/accessoires-barreaudage-fixation-embout-de-lisse-plastique\\\/#breadcrumb\"},\"inLanguage\":\"nl-NL\",\"potentialAction\":[{\"@type\":\"ReadAction\",\"target\":[\"https:\\\/\\\/bologne.be\\\/nl\\\/produit\\\/accessoires-barreaudage-fixation-embout-de-lisse-plastique\\\/\"]}]},{\"@type\":\"ImageObject\",\"inLanguage\":\"nl-NL\",\"@id\":\"https:\\\/\\\/bologne.be\\\/nl\\\/produit\\\/accessoires-barreaudage-fixation-embout-de-lisse-plastique\\\/#primaryimage\",\"url\":\"https:\\\/\\\/bologne.be\\\/wp-content\\\/uploads\\\/2017\\\/08\\\/Capture-decran-2025-02-05-083310.png\",\"contentUrl\":\"https:\\\/\\\/bologne.be\\\/wp-content\\\/uploads\\\/2017\\\/08\\\/Capture-decran-2025-02-05-083310.png\",\"width\":662,\"height\":397},{\"@type\":\"BreadcrumbList\",\"@id\":\"https:\\\/\\\/bologne.be\\\/nl\\\/produit\\\/accessoires-barreaudage-fixation-embout-de-lisse-plastique\\\/#breadcrumb\",\"itemListElement\":[{\"@type\":\"ListItem\",\"position\":1,\"name\":\"Accueil\",\"item\":\"https:\\\/\\\/bologne.be\\\/nl\\\/\"},{\"@type\":\"ListItem\",\"position\":2,\"name\":\"kledingwinkel\",\"item\":\"https:\\\/\\\/bologne.be\\\/nl\\\/kledingwinkel\\\/\"},{\"@type\":\"ListItem\",\"position\":3,\"name\":\"Accessoires barreaudage classique : fixation par embout de lisse plastique\"}]},{\"@type\":\"WebSite\",\"@id\":\"https:\\\/\\\/bologne.be\\\/nl\\\/#website\",\"url\":\"https:\\\/\\\/bologne.be\\\/nl\\\/\",\"name\":\"Bologne\",\"description\":\"Votre partenaire en portails\",\"potentialAction\":[{\"@type\":\"SearchAction\",\"target\":{\"@type\":\"EntryPoint\",\"urlTemplate\":\"https:\\\/\\\/bologne.be\\\/nl\\\/?s={search_term_string}\"},\"query-input\":{\"@type\":\"PropertyValueSpecification\",\"valueRequired\":true,\"valueName\":\"search_term_string\"}}],\"inLanguage\":\"nl-NL\"}]}<\/script>\n<!-- \/ Yoast SEO plugin. -->","yoast_head_json":{"title":"Accessoires barreaudage classique : fixation par embout de lisse plastique - Bologne","robots":{"index":"index","follow":"follow","max-snippet":"max-snippet:-1","max-image-preview":"max-image-preview:large","max-video-preview":"max-video-preview:-1"},"canonical":"https:\/\/bologne.be\/nl\/produit\/accessoires-barreaudage-fixation-embout-de-lisse-plastique\/","og_locale":"nl_NL","og_type":"article","og_title":"Accessoires barreaudage classique : fixation par embout de lisse plastique - Bologne","og_description":"Accessoires pour panneaux et poteaux type GARDIA \/ TRAVERSA \/ RONDO \/ JUMILA et\/ou LANCIO. Embout de lisse 50\/30\/25 en mati\u00e8re synth\u00e9tique noir Boulons \u00e0 six pans creux M8x100 + \u00e9crou M8 inox Boulons \u00e0 six pans creux M8x60 + \u00e9crou M8 inox Embout de lisse en mati\u00e8re synth\u00e9tique, tige avec ressort Accessoire pour angle [&hellip;]","og_url":"https:\/\/bologne.be\/nl\/produit\/accessoires-barreaudage-fixation-embout-de-lisse-plastique\/","og_site_name":"Bologne","article_publisher":"https:\/\/www.facebook.com\/SABologne-212540775431433\/?fref=ts","article_modified_time":"2025-02-05T07:39:07+00:00","og_image":[{"width":662,"height":397,"url":"https:\/\/bologne.be\/wp-content\/uploads\/2017\/08\/Capture-decran-2025-02-05-083310.png","type":"image\/png"}],"twitter_card":"summary_large_image","schema":{"@context":"https:\/\/schema.org","@graph":[{"@type":"WebPage","@id":"https:\/\/bologne.be\/nl\/produit\/accessoires-barreaudage-fixation-embout-de-lisse-plastique\/","url":"https:\/\/bologne.be\/nl\/produit\/accessoires-barreaudage-fixation-embout-de-lisse-plastique\/","name":"Accessoires barreaudage classique : fixation par embout de lisse plastique - Bologne","isPartOf":{"@id":"https:\/\/bologne.be\/nl\/#website"},"primaryImageOfPage":{"@id":"https:\/\/bologne.be\/nl\/produit\/accessoires-barreaudage-fixation-embout-de-lisse-plastique\/#primaryimage"},"image":{"@id":"https:\/\/bologne.be\/nl\/produit\/accessoires-barreaudage-fixation-embout-de-lisse-plastique\/#primaryimage"},"thumbnailUrl":"https:\/\/bologne.be\/wp-content\/uploads\/2017\/08\/Capture-decran-2025-02-05-083310.png","datePublished":"2017-08-17T14:22:49+00:00","dateModified":"2025-02-05T07:39:07+00:00","breadcrumb":{"@id":"https:\/\/bologne.be\/nl\/produit\/accessoires-barreaudage-fixation-embout-de-lisse-plastique\/#breadcrumb"},"inLanguage":"nl-NL","potentialAction":[{"@type":"ReadAction","target":["https:\/\/bologne.be\/nl\/produit\/accessoires-barreaudage-fixation-embout-de-lisse-plastique\/"]}]},{"@type":"ImageObject","inLanguage":"nl-NL","@id":"https:\/\/bologne.be\/nl\/produit\/accessoires-barreaudage-fixation-embout-de-lisse-plastique\/#primaryimage","url":"https:\/\/bologne.be\/wp-content\/uploads\/2017\/08\/Capture-decran-2025-02-05-083310.png","contentUrl":"https:\/\/bologne.be\/wp-content\/uploads\/2017\/08\/Capture-decran-2025-02-05-083310.png","width":662,"height":397},{"@type":"BreadcrumbList","@id":"https:\/\/bologne.be\/nl\/produit\/accessoires-barreaudage-fixation-embout-de-lisse-plastique\/#breadcrumb","itemListElement":[{"@type":"ListItem","position":1,"name":"Accueil","item":"https:\/\/bologne.be\/nl\/"},{"@type":"ListItem","position":2,"name":"kledingwinkel","item":"https:\/\/bologne.be\/nl\/kledingwinkel\/"},{"@type":"ListItem","position":3,"name":"Accessoires barreaudage classique : fixation par embout de lisse plastique"}]},{"@type":"WebSite","@id":"https:\/\/bologne.be\/nl\/#website","url":"https:\/\/bologne.be\/nl\/","name":"Bologne","description":"Votre partenaire en portails","potentialAction":[{"@type":"SearchAction","target":{"@type":"EntryPoint","urlTemplate":"https:\/\/bologne.be\/nl\/?s={search_term_string}"},"query-input":{"@type":"PropertyValueSpecification","valueRequired":true,"valueName":"search_term_string"}}],"inLanguage":"nl-NL"}]}},"_links":{"self":[{"href":"https:\/\/bologne.be\/nl\/wp-json\/wp\/v2\/product\/13880","targetHints":{"allow":["GET"]}}],"collection":[{"href":"https:\/\/bologne.be\/nl\/wp-json\/wp\/v2\/product"}],"about":[{"href":"https:\/\/bologne.be\/nl\/wp-json\/wp\/v2\/types\/product"}],"wp:featuredmedia":[{"embeddable":true,"href":"https:\/\/bologne.be\/nl\/wp-json\/wp\/v2\/media\/28369"}],"wp:attachment":[{"href":"https:\/\/bologne.be\/nl\/wp-json\/wp\/v2\/media?parent=13880"}],"wp:term":[{"taxonomy":"product_brand","embeddable":true,"href":"https:\/\/bologne.be\/nl\/wp-json\/wp\/v2\/product_brand?post=13880"},{"taxonomy":"product_cat","embeddable":true,"href":"https:\/\/bologne.be\/nl\/wp-json\/wp\/v2\/product_cat?post=13880"},{"taxonomy":"product_tag","embeddable":true,"href":"https:\/\/bologne.be\/nl\/wp-json\/wp\/v2\/product_tag?post=13880"}],"curies":[{"name":"wp","href":"https:\/\/api.w.org\/{rel}","templated":true}]}}