{"id":15596,"date":"2018-05-07T08:16:50","date_gmt":"2018-05-07T07:16:50","guid":{"rendered":"http:\/\/bologne.dev.caractere-web.be\/?page_id=15596"},"modified":"2020-09-07T14:58:01","modified_gmt":"2020-09-07T13:58:01","slug":"mentions-legales","status":"publish","type":"page","link":"https:\/\/bologne.be\/nl\/mentions-legales\/","title":{"rendered":"Mentions l\u00e9gales"},"content":{"rendered":"\n<h3 class=\"wp-block-heading\"><span id=\"result_box\" class=\"\" lang=\"nl\"><span title=\"1. Pr\u00e9sentation \">1. Introductie<\/span><\/span><\/h3>\n\n\n\n<p><span id=\"result_box\" class=\"\" lang=\"nl\"><span title=\"Le magasin SPRL BOLOGNE |\">Winkel<\/span><\/span> <span class=\"no_responsive\">SPRL BOLOGNE | Rue Nicolas Defr\u00eacheux, 30 &#8211; 36 | B-4040-Herstal | Tel : +32 4 264.03.81 | bologne@proximus.be | BE 0422.691.158<\/span><\/p>\n\n\n\n<h3 class=\"wp-block-heading\"><span id=\"result_box\" class=\"\" lang=\"nl\"><span title=\"2. G\u00e9n\u00e9ralit\u00e9s \">2. Algemeen<\/span><\/span><\/h3>\n\n\n\n<p><span id=\"result_box\" class=\"\" lang=\"nl\"><span title=\"Les pr\u00e9sentes conditions d\u2019utilisation sont d\u2019application sur le site www.bologne.be.\">De huidige gebruiksvoorwaarden zijn van toepassing op de site www.bologne.be. <\/span><span title=\"En utilisant ce site, vous reconnaissez \u00eatre li\u00e9s par ces conditions d\u2019utilisation, les accepter et les respecter. \">Door deze site te gebruiken, gaat u ermee akkoord gebonden te zijn aan deze gebruiksvoorwaarden, deze te accepteren en te respecteren.<\/span><\/span><\/p>\n\n\n\n<h3 class=\"wp-block-heading\"><span id=\"result_box\" class=\"\" lang=\"nl\"><span title=\"3. Droit de propri\u00e9t\u00e9 intellectuelle \">3. Intellectuele eigendomsrechten<\/span><\/span><\/h3>\n\n\n\n<p><span id=\"result_box\" class=\"\" lang=\"nl\"><span title=\"Les textes, mises en page, illustrations et autres \u00e9l\u00e9ments constitutifs du site sont prot\u00e9g\u00e9s par le droit d\u2019auteur ou, s\u2019agissant des bases de donn\u00e9es, par un droit sp\u00e9cifique.\">De teksten, lay-outs, illustraties en andere elementen van de site zijn auteursrechtelijk beschermd of, in het geval van databases, door een specifiek recht. <\/span><span title=\"Tous ces \u00e9l\u00e9ments constituent la propri\u00e9t\u00e9 de la soci\u00e9t\u00e9 Bologne ou, le cas \u00e9ch\u00e9ant, d\u2019un tiers aupr\u00e8s duquel la soci\u00e9t\u00e9 Bologne a obtenu les autorisations n\u00e9cessaires. \">Al deze elementen zijn eigendom van het bedrijf Bologna of, in voorkomend geval, van een derde partij van wie het bedrijf Bologna de nodige autorisaties heeft verkregen.<\/span><\/span><\/p>\n\n\n\n<p><span id=\"result_box\" class=\"\" lang=\"nl\"><span title=\"Les \u00e9l\u00e9ments contenus sur les sites du domaine Bologne restent ainsi la propri\u00e9t\u00e9 de Bologne, m\u00eame une fois t\u00e9l\u00e9charg\u00e9s.\">De elementen op de sites van het Bologna-domein blijven dus eigendom van Bologna, zelfs nadat ze zijn gedownload. <\/span><span title=\"Sauf stipulations contraires, l\u2019information textuelle ou chiffr\u00e9e figurant sur le site peut \u00eatre utilis\u00e9e gratuitement mais moyennant mention de la source et uniquement pour un usage qui ne soit ni commercial, ni publicitaire. \">Tenzij anders vermeld, kunnen tekstuele of numerieke informatie die op de site worden gratis ter beschikking gesteld van de bron en uitsluitend voor het gebruik dat is noch commercieel, noch reclame.<\/span><\/span><\/p>\n\n\n\n<p><span id=\"result_box\" class=\"\" lang=\"nl\"><span title=\"Par contre, toute reproduction \u00e0 caract\u00e8re commercial ou publicitaire de ces informations, de m\u00eame que toute forme d'utilisation et de reproduction des autres \u00e9l\u00e9ments constitutifs du site, tels que la ligne graphique, les images, les sons ou les applications informatiques, sont strictement\">Door nadelen, is elke reproductie voor commerci\u00eble of reclamedoeleinden van dergelijke informatie, evenals alle vormen van gebruik en de reproductie van andere elementen van de site, zoals afbeeldingen, foto&#8217;s, geluiden of computertoepassingen, strikt <\/span><span title=\"interdites sans autorisation pr\u00e9alable.\">verboden zonder voorafgaande toestemming. <\/span><span title=\"Toute demande en ce sens doit \u00eatre adress\u00e9e \u00e0 Bologne. \">Elke aanvraag hiertoe moet worden gericht aan Bologna.<\/span><\/span><\/p>\n\n\n\n<h3 class=\"wp-block-heading\"><span id=\"result_box\" class=\"\" lang=\"nl\"><span title=\"4. Informations sur le site \">4. Informatie op de site<\/span><\/span><\/h3>\n\n\n\n<p><span id=\"result_box\" class=\"\" lang=\"nl\"><span title=\"L\u2019information propos\u00e9e sur le site Bologne.be n\u2019est peut-\u00eatre pas exempte d\u2019imperfections de quelque nature que ce soit.\">De informatie die wordt aangeboden op de Bologna.be-website is mogelijk niet vrij van onvolkomenheden van welke aard dan ook. <\/span><span title=\"La soci\u00e9t\u00e9 Bologne met tout en \u0153uvre pour limiter au maximum ces imperfections. \">Het bedrijf uit Bologna doet er alles aan om deze onvolkomenheden tot een minimum te beperken.<\/span><\/span><\/p>\n\n\n\n<p><span id=\"result_box\" class=\"\" lang=\"nl\"><span title=\"La soci\u00e9t\u00e9 Bologne n\u2019est en toute hypoth\u00e8se pas responsable de l\u2019int\u00e9grit\u00e9, de la fiabilit\u00e9, de l\u2019opportunit\u00e9 ou de la pr\u00e9cision de l\u2019information.\">In ieder geval is Bologna niet verantwoordelijk voor de integriteit, betrouwbaarheid, tijdigheid of juistheid van de informatie. <\/span><span title=\"L\u2019information est fournie et restitu\u00e9e sans autre forme de garantie.\">De informatie wordt verstrekt en geretourneerd zonder verdere garantie. <\/span><span title=\"La soci\u00e9t\u00e9 Bologne n\u2019est pas responsable de l\u2019\u00e9ventuelle propagation de virus dans le cas o\u00f9, en d\u00e9pit des mesures de pr\u00e9cautions prises, celle-ci devait survenir.\">Het bedrijf in Bologna is niet verantwoordelijk voor de mogelijke verspreiding van virussen in het geval dat het ondanks de genomen voorzorgsmaatregelen toch zou moeten voorkomen. <\/span><span title=\"La soci\u00e9t\u00e9 Bologne d\u00e9cline toute responsabilit\u00e9 pour les d\u00e9g\u00e2ts que ce ou ces virus pourraient occasionner. \">Het bedrijf Bologna wijst elke verantwoordelijkheid af voor de schade die dit of deze virussen kunnen veroorzaken.<\/span><\/span><\/p>\n\n\n\n<p><span id=\"result_box\" class=\"\" lang=\"nl\"><span title=\"Enfin, la soci\u00e9t\u00e9 Bologne se r\u00e9serve express\u00e9ment le droit de modifier l\u2019information du site \u00e0 tout moment. \">Ten slotte behoudt het bedrijf Bologna zich uitdrukkelijk het recht voor om de informatie op de site te allen tijde te wijzigen.<\/span><\/span><\/p>\n\n\n\n<h3 class=\"wp-block-heading\"><span id=\"result_box\" class=\"\" lang=\"nl\"><span title=\"5. Liens vers d\u2019autres sites \">5. Links naar andere sites<\/span><\/span><\/h3>\n\n\n\n<p><span id=\"result_box\" class=\"\" lang=\"nl\"><span title=\"Ce site web peut contenir des hyperliens ou pointer de toute autre mani\u00e8re vers des sites web ou des pages web administr\u00e9s par de tierces parties.\">Deze website kan hyperlinks bevatten of anderszins verwijzen naar websites of webpagina&#8217;s beheerd door derden. <\/span><span title=\"La soci\u00e9t\u00e9 Bologne n\u2019a aucun droit de regard sur le contenu ou tout autre caract\u00e9ristique de ces sites et pages web et n\u2019est en aucun cas responsable de leur contenu et de leurs caract\u00e9ristiques.\">Bologna De onderneming heeft geen zeggenschap over de inhoud of over andere kenmerken van deze websites en pagina&#8217;s en is op geen enkele wijze verantwoordelijk voor de inhoud en hun kenmerken. <\/span><span title=\"Le fait que le site propose des liens n\u2019implique en aucun cas l\u2019approbation implicite du contenu de ces sites ou pages web. \">Het feit dat de site links aanbiedt, impliceert niet de impliciete goedkeuring van de inhoud van deze sites of webpagina&#8217;s.<\/span><\/span><\/p>\n\n\n\n<h3 class=\"wp-block-heading\"><span id=\"result_box\" class=\"\" lang=\"nl\"><span title=\"6. Protection des mineurs \">6. Bescherming van minderjarigen<\/span><\/span><\/h3>\n\n\n\n<p><span id=\"result_box\" class=\"\" lang=\"nl\"><span title=\"La soci\u00e9t\u00e9 Bologne rappelle que diverses informations peuvent \u00eatre accessibles sur son site ou par le biais du site. \">Het bedrijf in Bologna herinnert eraan dat verschillende informatie toegankelijk kan zijn op haar site of via de site.<\/span><\/span><\/p>\n\n\n\n<p><span id=\"result_box\" class=\"\" lang=\"nl\"><span title=\"Il est toutefois de l\u2019enti\u00e8re responsabilit\u00e9 des parents de v\u00e9rifier les informations que consultent les personnes mineurs dont ils ont la responsabilit\u00e9 et si n\u00e9cessaire de limiter l\u2019acc\u00e8s au site Bologne.be. \">Het is echter de verantwoordelijkheid van de ouders om te controleren of de informatie die minderjarige personen die onder hun verantwoordelijkheid te raadplegen en indien nodig om de toegang tot de site Bologne.be beperken.<\/span><\/span><\/p>\n\n\n\n<h3 class=\"wp-block-heading\"><span id=\"result_box\" class=\"\" lang=\"nl\"><span title=\"7. Informations transmises \">7. Informatie verzonden<\/span><\/span><\/h3>\n\n\n\n<p><span id=\"result_box\" class=\"\" lang=\"nl\"><span title=\"Il est formellement interdit de transmettre, via le site Bologne.be, des informations ill\u00e9gales, mena\u00e7antes, diffamatoires, obsc\u00e8nes, scandaleuses, provocatrices, pornographiques ou blasph\u00e9matoires ou toute autre information pouvant entra\u00eener une responsabilit\u00e9 civile ou p\u00e9nale, selon la loi du territoire auquel le\">Het is verboden te zenden, via de site Bologne.be, illegaal, bedreigend, lasterlijk, obsceen, schandalig, provocerend, pornografisch of godslasterlijk of andere informatie die civiele of strafrechtelijke aansprakelijkheid zou kunnen leiden tot onder de wet van het grondgebied waarop <\/span><span title=\"site se r\u00e9f\u00e8re.\">site verwijst.<\/span><\/span><\/p>\n","protected":false},"excerpt":{"rendered":"<p>1. Introductie Winkel SPRL BOLOGNE | Rue Nicolas Defr\u00eacheux, 30 &#8211; 36 | B-4040-Herstal | Tel : +32 4 264.03.81 | bologne@proximus.be | BE 0422.691.158 2. Algemeen De huidige gebruiksvoorwaarden zijn van toepassing op de site www.bologne.be. Door deze site te gebruiken, gaat u ermee akkoord gebonden te zijn aan deze gebruiksvoorwaarden, deze te accepteren [&hellip;]<\/p>\n","protected":false},"author":1,"featured_media":17808,"parent":0,"menu_order":0,"comment_status":"closed","ping_status":"closed","template":"textpage.php","meta":{"_acf_changed":false,"footnotes":""},"class_list":["post-15596","page","type-page","status-publish","has-post-thumbnail","hentry"],"acf":[],"yoast_head":"<!-- This site is optimized with the Yoast SEO plugin v27.4 - https:\/\/yoast.com\/product\/yoast-seo-wordpress\/ -->\n<title>Mentions l\u00e9gales - Bologne<\/title>\n<meta name=\"robots\" content=\"index, follow, max-snippet:-1, max-image-preview:large, max-video-preview:-1\" \/>\n<link rel=\"canonical\" href=\"https:\/\/bologne.be\/nl\/mentions-legales\/\" \/>\n<meta property=\"og:locale\" content=\"nl_NL\" \/>\n<meta property=\"og:type\" content=\"article\" \/>\n<meta property=\"og:title\" content=\"Mentions l\u00e9gales - Bologne\" \/>\n<meta property=\"og:description\" content=\"1. Introductie Winkel SPRL BOLOGNE | Rue Nicolas Defr\u00eacheux, 30 &#8211; 36 | B-4040-Herstal | Tel : +32 4 264.03.81 | bologne@proximus.be | BE 0422.691.158 2. Algemeen De huidige gebruiksvoorwaarden zijn van toepassing op de site www.bologne.be. Door deze site te gebruiken, gaat u ermee akkoord gebonden te zijn aan deze gebruiksvoorwaarden, deze te accepteren [&hellip;]\" \/>\n<meta property=\"og:url\" content=\"https:\/\/bologne.be\/nl\/mentions-legales\/\" \/>\n<meta property=\"og:site_name\" content=\"Bologne\" \/>\n<meta property=\"article:publisher\" content=\"https:\/\/www.facebook.com\/SABologne-212540775431433\/?fref=ts\" \/>\n<meta property=\"article:modified_time\" content=\"2020-09-07T13:58:01+00:00\" \/>\n<meta property=\"og:image\" content=\"https:\/\/bologne.be\/wp-content\/uploads\/2020\/09\/2835-scaled.jpg\" \/>\n\t<meta property=\"og:image:width\" content=\"2048\" \/>\n\t<meta property=\"og:image:height\" content=\"1536\" \/>\n\t<meta property=\"og:image:type\" content=\"image\/jpeg\" \/>\n<meta name=\"twitter:card\" content=\"summary_large_image\" \/>\n<meta name=\"twitter:label1\" content=\"Geschatte leestijd\" \/>\n\t<meta name=\"twitter:data1\" content=\"2 minutes\" \/>\n<script type=\"application\/ld+json\" class=\"yoast-schema-graph\">{\"@context\":\"https:\\\/\\\/schema.org\",\"@graph\":[{\"@type\":\"WebPage\",\"@id\":\"https:\\\/\\\/bologne.be\\\/nl\\\/mentions-legales\\\/\",\"url\":\"https:\\\/\\\/bologne.be\\\/nl\\\/mentions-legales\\\/\",\"name\":\"Mentions l\u00e9gales - Bologne\",\"isPartOf\":{\"@id\":\"https:\\\/\\\/bologne.be\\\/nl\\\/#website\"},\"primaryImageOfPage\":{\"@id\":\"https:\\\/\\\/bologne.be\\\/nl\\\/mentions-legales\\\/#primaryimage\"},\"image\":{\"@id\":\"https:\\\/\\\/bologne.be\\\/nl\\\/mentions-legales\\\/#primaryimage\"},\"thumbnailUrl\":\"https:\\\/\\\/bologne.be\\\/wp-content\\\/uploads\\\/2020\\\/09\\\/2835-scaled.jpg\",\"datePublished\":\"2018-05-07T07:16:50+00:00\",\"dateModified\":\"2020-09-07T13:58:01+00:00\",\"breadcrumb\":{\"@id\":\"https:\\\/\\\/bologne.be\\\/nl\\\/mentions-legales\\\/#breadcrumb\"},\"inLanguage\":\"nl-NL\",\"potentialAction\":[{\"@type\":\"ReadAction\",\"target\":[\"https:\\\/\\\/bologne.be\\\/nl\\\/mentions-legales\\\/\"]}]},{\"@type\":\"ImageObject\",\"inLanguage\":\"nl-NL\",\"@id\":\"https:\\\/\\\/bologne.be\\\/nl\\\/mentions-legales\\\/#primaryimage\",\"url\":\"https:\\\/\\\/bologne.be\\\/wp-content\\\/uploads\\\/2020\\\/09\\\/2835-scaled.jpg\",\"contentUrl\":\"https:\\\/\\\/bologne.be\\\/wp-content\\\/uploads\\\/2020\\\/09\\\/2835-scaled.jpg\",\"width\":2048,\"height\":1536,\"caption\":\"A metal fence shadow on the balcony with a view of a grassy field on a sunny day\"},{\"@type\":\"BreadcrumbList\",\"@id\":\"https:\\\/\\\/bologne.be\\\/nl\\\/mentions-legales\\\/#breadcrumb\",\"itemListElement\":[{\"@type\":\"ListItem\",\"position\":1,\"name\":\"Accueil\",\"item\":\"https:\\\/\\\/bologne.be\\\/nl\\\/\"},{\"@type\":\"ListItem\",\"position\":2,\"name\":\"Mentions l\u00e9gales\"}]},{\"@type\":\"WebSite\",\"@id\":\"https:\\\/\\\/bologne.be\\\/nl\\\/#website\",\"url\":\"https:\\\/\\\/bologne.be\\\/nl\\\/\",\"name\":\"Bologne\",\"description\":\"Votre partenaire en portails\",\"potentialAction\":[{\"@type\":\"SearchAction\",\"target\":{\"@type\":\"EntryPoint\",\"urlTemplate\":\"https:\\\/\\\/bologne.be\\\/nl\\\/?s={search_term_string}\"},\"query-input\":{\"@type\":\"PropertyValueSpecification\",\"valueRequired\":true,\"valueName\":\"search_term_string\"}}],\"inLanguage\":\"nl-NL\"}]}<\/script>\n<!-- \/ Yoast SEO plugin. -->","yoast_head_json":{"title":"Mentions l\u00e9gales - Bologne","robots":{"index":"index","follow":"follow","max-snippet":"max-snippet:-1","max-image-preview":"max-image-preview:large","max-video-preview":"max-video-preview:-1"},"canonical":"https:\/\/bologne.be\/nl\/mentions-legales\/","og_locale":"nl_NL","og_type":"article","og_title":"Mentions l\u00e9gales - Bologne","og_description":"1. Introductie Winkel SPRL BOLOGNE | Rue Nicolas Defr\u00eacheux, 30 &#8211; 36 | B-4040-Herstal | Tel : +32 4 264.03.81 | bologne@proximus.be | BE 0422.691.158 2. Algemeen De huidige gebruiksvoorwaarden zijn van toepassing op de site www.bologne.be. Door deze site te gebruiken, gaat u ermee akkoord gebonden te zijn aan deze gebruiksvoorwaarden, deze te accepteren [&hellip;]","og_url":"https:\/\/bologne.be\/nl\/mentions-legales\/","og_site_name":"Bologne","article_publisher":"https:\/\/www.facebook.com\/SABologne-212540775431433\/?fref=ts","article_modified_time":"2020-09-07T13:58:01+00:00","og_image":[{"width":2048,"height":1536,"url":"https:\/\/bologne.be\/wp-content\/uploads\/2020\/09\/2835-scaled.jpg","type":"image\/jpeg"}],"twitter_card":"summary_large_image","twitter_misc":{"Geschatte leestijd":"2 minutes"},"schema":{"@context":"https:\/\/schema.org","@graph":[{"@type":"WebPage","@id":"https:\/\/bologne.be\/nl\/mentions-legales\/","url":"https:\/\/bologne.be\/nl\/mentions-legales\/","name":"Mentions l\u00e9gales - Bologne","isPartOf":{"@id":"https:\/\/bologne.be\/nl\/#website"},"primaryImageOfPage":{"@id":"https:\/\/bologne.be\/nl\/mentions-legales\/#primaryimage"},"image":{"@id":"https:\/\/bologne.be\/nl\/mentions-legales\/#primaryimage"},"thumbnailUrl":"https:\/\/bologne.be\/wp-content\/uploads\/2020\/09\/2835-scaled.jpg","datePublished":"2018-05-07T07:16:50+00:00","dateModified":"2020-09-07T13:58:01+00:00","breadcrumb":{"@id":"https:\/\/bologne.be\/nl\/mentions-legales\/#breadcrumb"},"inLanguage":"nl-NL","potentialAction":[{"@type":"ReadAction","target":["https:\/\/bologne.be\/nl\/mentions-legales\/"]}]},{"@type":"ImageObject","inLanguage":"nl-NL","@id":"https:\/\/bologne.be\/nl\/mentions-legales\/#primaryimage","url":"https:\/\/bologne.be\/wp-content\/uploads\/2020\/09\/2835-scaled.jpg","contentUrl":"https:\/\/bologne.be\/wp-content\/uploads\/2020\/09\/2835-scaled.jpg","width":2048,"height":1536,"caption":"A metal fence shadow on the balcony with a view of a grassy field on a sunny day"},{"@type":"BreadcrumbList","@id":"https:\/\/bologne.be\/nl\/mentions-legales\/#breadcrumb","itemListElement":[{"@type":"ListItem","position":1,"name":"Accueil","item":"https:\/\/bologne.be\/nl\/"},{"@type":"ListItem","position":2,"name":"Mentions l\u00e9gales"}]},{"@type":"WebSite","@id":"https:\/\/bologne.be\/nl\/#website","url":"https:\/\/bologne.be\/nl\/","name":"Bologne","description":"Votre partenaire en portails","potentialAction":[{"@type":"SearchAction","target":{"@type":"EntryPoint","urlTemplate":"https:\/\/bologne.be\/nl\/?s={search_term_string}"},"query-input":{"@type":"PropertyValueSpecification","valueRequired":true,"valueName":"search_term_string"}}],"inLanguage":"nl-NL"}]}},"_links":{"self":[{"href":"https:\/\/bologne.be\/nl\/wp-json\/wp\/v2\/pages\/15596","targetHints":{"allow":["GET"]}}],"collection":[{"href":"https:\/\/bologne.be\/nl\/wp-json\/wp\/v2\/pages"}],"about":[{"href":"https:\/\/bologne.be\/nl\/wp-json\/wp\/v2\/types\/page"}],"author":[{"embeddable":true,"href":"https:\/\/bologne.be\/nl\/wp-json\/wp\/v2\/users\/1"}],"replies":[{"embeddable":true,"href":"https:\/\/bologne.be\/nl\/wp-json\/wp\/v2\/comments?post=15596"}],"version-history":[{"count":0,"href":"https:\/\/bologne.be\/nl\/wp-json\/wp\/v2\/pages\/15596\/revisions"}],"wp:featuredmedia":[{"embeddable":true,"href":"https:\/\/bologne.be\/nl\/wp-json\/wp\/v2\/media\/17808"}],"wp:attachment":[{"href":"https:\/\/bologne.be\/nl\/wp-json\/wp\/v2\/media?parent=15596"}],"curies":[{"name":"wp","href":"https:\/\/api.w.org\/{rel}","templated":true}]}}